{"id":16,"date":"2025-10-10T11:57:22","date_gmt":"2025-10-10T11:57:22","guid":{"rendered":"https:\/\/redgrey.pl\/?page_id=16"},"modified":"2025-10-16T11:46:51","modified_gmt":"2025-10-16T11:46:51","slug":"portfolio","status":"publish","type":"page","link":"https:\/\/redgrey.pl\/index.php\/portfolio\/","title":{"rendered":"PORTFOLIO"},"content":{"rendered":"\n<div class=\"wp-block-columns is-layout-flex wp-container-core-columns-is-layout-28f84493 wp-block-columns-is-layout-flex\">\n<div class=\"wp-block-column is-layout-flow wp-block-column-is-layout-flow\">\n<h2 class=\"wp-block-heading\">Kot\u0142ownie i maszynownie kontenerowe<\/h2>\n<\/div>\n<\/div>\n\n\n\n<div class=\"wp-block-columns is-layout-flex wp-container-core-columns-is-layout-28f84493 wp-block-columns-is-layout-flex\">\n<div class=\"wp-block-column is-layout-flow wp-block-column-is-layout-flow\">\n<figure class=\"wp-block-image size-full\"><img loading=\"lazy\" decoding=\"async\" width=\"819\" height=\"1093\" src=\"https:\/\/redgrey.pl\/wp-content\/uploads\/2025\/10\/image-4.png\" alt=\"\" class=\"wp-image-101\" srcset=\"https:\/\/redgrey.pl\/wp-content\/uploads\/2025\/10\/image-4.png 819w, https:\/\/redgrey.pl\/wp-content\/uploads\/2025\/10\/image-4-225x300.png 225w, https:\/\/redgrey.pl\/wp-content\/uploads\/2025\/10\/image-4-767x1024.png 767w, https:\/\/redgrey.pl\/wp-content\/uploads\/2025\/10\/image-4-768x1025.png 768w\" sizes=\"auto, (max-width: 819px) 100vw, 819px\" \/><figcaption class=\"wp-element-caption\">Kot\u0142ownia kontenerowa z kot\u0142em olejowym<\/figcaption><\/figure>\n\n\n\n<figure class=\"wp-block-image size-full\"><img loading=\"lazy\" decoding=\"async\" width=\"760\" height=\"1172\" src=\"https:\/\/redgrey.pl\/wp-content\/uploads\/2025\/10\/image-7.png\" alt=\"\" class=\"wp-image-106\" srcset=\"https:\/\/redgrey.pl\/wp-content\/uploads\/2025\/10\/image-7.png 760w, https:\/\/redgrey.pl\/wp-content\/uploads\/2025\/10\/image-7-195x300.png 195w, https:\/\/redgrey.pl\/wp-content\/uploads\/2025\/10\/image-7-664x1024.png 664w\" sizes=\"auto, (max-width: 760px) 100vw, 760px\" \/><figcaption class=\"wp-element-caption\">Kot\u0142ownia kontenerowa z generatorem pary<\/figcaption><\/figure>\n<\/div>\n\n\n\n<div class=\"wp-block-column is-layout-flow wp-block-column-is-layout-flow\">\n<figure class=\"wp-block-image size-full\"><img loading=\"lazy\" decoding=\"async\" width=\"1192\" height=\"1092\" src=\"https:\/\/redgrey.pl\/wp-content\/uploads\/2025\/10\/image-5.png\" alt=\"\" class=\"wp-image-102\" srcset=\"https:\/\/redgrey.pl\/wp-content\/uploads\/2025\/10\/image-5.png 1192w, https:\/\/redgrey.pl\/wp-content\/uploads\/2025\/10\/image-5-300x275.png 300w, https:\/\/redgrey.pl\/wp-content\/uploads\/2025\/10\/image-5-1024x938.png 1024w, https:\/\/redgrey.pl\/wp-content\/uploads\/2025\/10\/image-5-768x704.png 768w\" sizes=\"auto, (max-width: 1192px) 100vw, 1192px\" \/><figcaption class=\"wp-element-caption\">Dostawa gotowego modu\u0142u kontenerowego<\/figcaption><\/figure>\n\n\n\n<figure class=\"wp-block-image size-full\"><img loading=\"lazy\" decoding=\"async\" width=\"878\" height=\"1172\" src=\"https:\/\/redgrey.pl\/wp-content\/uploads\/2025\/10\/image-6.png\" alt=\"\" class=\"wp-image-104\" srcset=\"https:\/\/redgrey.pl\/wp-content\/uploads\/2025\/10\/image-6.png 878w, https:\/\/redgrey.pl\/wp-content\/uploads\/2025\/10\/image-6-225x300.png 225w, https:\/\/redgrey.pl\/wp-content\/uploads\/2025\/10\/image-6-767x1024.png 767w, https:\/\/redgrey.pl\/wp-content\/uploads\/2025\/10\/image-6-768x1025.png 768w\" sizes=\"auto, (max-width: 878px) 100vw, 878px\" \/><\/figure>\n\n\n\n<figure class=\"wp-block-image size-full\"><img loading=\"lazy\" decoding=\"async\" width=\"1272\" height=\"874\" src=\"https:\/\/redgrey.pl\/wp-content\/uploads\/2025\/10\/image.png\" alt=\"\" class=\"wp-image-94\" srcset=\"https:\/\/redgrey.pl\/wp-content\/uploads\/2025\/10\/image.png 1272w, https:\/\/redgrey.pl\/wp-content\/uploads\/2025\/10\/image-300x206.png 300w, https:\/\/redgrey.pl\/wp-content\/uploads\/2025\/10\/image-1024x704.png 1024w, https:\/\/redgrey.pl\/wp-content\/uploads\/2025\/10\/image-768x528.png 768w\" sizes=\"auto, (max-width: 1272px) 100vw, 1272px\" \/><\/figure>\n<\/div>\n<\/div>\n\n\n\n<div class=\"wp-block-columns is-layout-flex wp-container-core-columns-is-layout-28f84493 wp-block-columns-is-layout-flex\">\n<div class=\"wp-block-column is-layout-flow wp-block-column-is-layout-flow\">\n<h2 class=\"wp-block-heading\">Rozwi\u0105zania dla przemys\u0142u<\/h2>\n<\/div>\n<\/div>\n\n\n\n<div class=\"wp-block-columns is-layout-flex wp-container-core-columns-is-layout-28f84493 wp-block-columns-is-layout-flex\">\n<div class=\"wp-block-column is-layout-flow wp-block-column-is-layout-flow\">\n<figure class=\"wp-block-image size-full\"><img loading=\"lazy\" decoding=\"async\" width=\"1512\" height=\"1134\" src=\"https:\/\/redgrey.pl\/wp-content\/uploads\/2025\/10\/image-10.png\" alt=\"\" class=\"wp-image-111\" srcset=\"https:\/\/redgrey.pl\/wp-content\/uploads\/2025\/10\/image-10.png 1512w, https:\/\/redgrey.pl\/wp-content\/uploads\/2025\/10\/image-10-300x225.png 300w, https:\/\/redgrey.pl\/wp-content\/uploads\/2025\/10\/image-10-1024x768.png 1024w, https:\/\/redgrey.pl\/wp-content\/uploads\/2025\/10\/image-10-768x576.png 768w\" sizes=\"auto, (max-width: 1512px) 100vw, 1512px\" \/><figcaption class=\"wp-element-caption\">System nape\u0142niania KEG<\/figcaption><\/figure>\n\n\n\n<figure class=\"wp-block-image size-full\"><img loading=\"lazy\" decoding=\"async\" width=\"878\" height=\"1172\" src=\"https:\/\/redgrey.pl\/wp-content\/uploads\/2025\/10\/image-12.png\" alt=\"\" class=\"wp-image-113\" srcset=\"https:\/\/redgrey.pl\/wp-content\/uploads\/2025\/10\/image-12.png 878w, https:\/\/redgrey.pl\/wp-content\/uploads\/2025\/10\/image-12-225x300.png 225w, https:\/\/redgrey.pl\/wp-content\/uploads\/2025\/10\/image-12-767x1024.png 767w, https:\/\/redgrey.pl\/wp-content\/uploads\/2025\/10\/image-12-768x1025.png 768w\" sizes=\"auto, (max-width: 878px) 100vw, 878px\" \/><figcaption class=\"wp-element-caption\">Pakietowe hydromodu\u0142y<\/figcaption><\/figure>\n\n\n\n<figure class=\"wp-block-image size-full\"><img loading=\"lazy\" decoding=\"async\" width=\"861\" height=\"1149\" src=\"https:\/\/redgrey.pl\/wp-content\/uploads\/2025\/10\/image-14.png\" alt=\"\" class=\"wp-image-115\" srcset=\"https:\/\/redgrey.pl\/wp-content\/uploads\/2025\/10\/image-14.png 861w, https:\/\/redgrey.pl\/wp-content\/uploads\/2025\/10\/image-14-225x300.png 225w, https:\/\/redgrey.pl\/wp-content\/uploads\/2025\/10\/image-14-767x1024.png 767w, https:\/\/redgrey.pl\/wp-content\/uploads\/2025\/10\/image-14-768x1025.png 768w\" sizes=\"auto, (max-width: 861px) 100vw, 861px\" \/><figcaption class=\"wp-element-caption\">Podesty pod urz\u0105dzenia ch\u0142odnicze<\/figcaption><\/figure>\n<\/div>\n\n\n\n<div class=\"wp-block-column is-layout-flow wp-block-column-is-layout-flow\">\n<figure class=\"wp-block-image size-full\"><img loading=\"lazy\" decoding=\"async\" width=\"841\" height=\"1120\" src=\"https:\/\/redgrey.pl\/wp-content\/uploads\/2025\/10\/image-11.png\" alt=\"\" class=\"wp-image-112\" srcset=\"https:\/\/redgrey.pl\/wp-content\/uploads\/2025\/10\/image-11.png 841w, https:\/\/redgrey.pl\/wp-content\/uploads\/2025\/10\/image-11-225x300.png 225w, https:\/\/redgrey.pl\/wp-content\/uploads\/2025\/10\/image-11-769x1024.png 769w, https:\/\/redgrey.pl\/wp-content\/uploads\/2025\/10\/image-11-768x1023.png 768w\" sizes=\"auto, (max-width: 841px) 100vw, 841px\" \/><figcaption class=\"wp-element-caption\">System grzewczo-ch\u0142odz\u0105cy z wykorzystaniem energii odpadowej w hodowli szklarniowej.<\/figcaption><\/figure>\n\n\n\n<figure class=\"wp-block-image size-full\"><img loading=\"lazy\" decoding=\"async\" width=\"861\" height=\"1149\" src=\"https:\/\/redgrey.pl\/wp-content\/uploads\/2025\/10\/image-13.png\" alt=\"\" class=\"wp-image-114\" srcset=\"https:\/\/redgrey.pl\/wp-content\/uploads\/2025\/10\/image-13.png 861w, https:\/\/redgrey.pl\/wp-content\/uploads\/2025\/10\/image-13-225x300.png 225w, https:\/\/redgrey.pl\/wp-content\/uploads\/2025\/10\/image-13-767x1024.png 767w, https:\/\/redgrey.pl\/wp-content\/uploads\/2025\/10\/image-13-768x1025.png 768w\" sizes=\"auto, (max-width: 861px) 100vw, 861px\" \/><figcaption class=\"wp-element-caption\">Konstrukcje stalowe<\/figcaption><\/figure>\n\n\n\n<figure class=\"wp-block-image size-full\"><img loading=\"lazy\" decoding=\"async\" width=\"1346\" height=\"1009\" src=\"https:\/\/redgrey.pl\/wp-content\/uploads\/2025\/10\/image-8.png\" alt=\"\" class=\"wp-image-108\" srcset=\"https:\/\/redgrey.pl\/wp-content\/uploads\/2025\/10\/image-8.png 1346w, https:\/\/redgrey.pl\/wp-content\/uploads\/2025\/10\/image-8-300x225.png 300w, https:\/\/redgrey.pl\/wp-content\/uploads\/2025\/10\/image-8-1024x768.png 1024w, https:\/\/redgrey.pl\/wp-content\/uploads\/2025\/10\/image-8-768x576.png 768w\" sizes=\"auto, (max-width: 1346px) 100vw, 1346px\" \/><figcaption class=\"wp-element-caption\">Ch\u0142odzenie podziemnych zbiornik\u00f3w z pentanem<\/figcaption><\/figure>\n<\/div>\n<\/div>\n\n\n\n<h2 class=\"wp-block-heading\">Hydroboxy do pomp ciep\u0142a (projekty, prototypy)<\/h2>\n\n\n\n<div class=\"wp-block-columns is-layout-flex wp-container-core-columns-is-layout-28f84493 wp-block-columns-is-layout-flex\">\n<div class=\"wp-block-column is-layout-flow wp-block-column-is-layout-flow\">\n<figure class=\"wp-block-image size-full\"><img loading=\"lazy\" decoding=\"async\" width=\"1040\" height=\"1028\" src=\"https:\/\/redgrey.pl\/wp-content\/uploads\/2025\/10\/image-15.png\" alt=\"\" class=\"wp-image-116\" srcset=\"https:\/\/redgrey.pl\/wp-content\/uploads\/2025\/10\/image-15.png 1040w, https:\/\/redgrey.pl\/wp-content\/uploads\/2025\/10\/image-15-300x297.png 300w, https:\/\/redgrey.pl\/wp-content\/uploads\/2025\/10\/image-15-1024x1012.png 1024w, https:\/\/redgrey.pl\/wp-content\/uploads\/2025\/10\/image-15-768x759.png 768w\" sizes=\"auto, (max-width: 1040px) 100vw, 1040px\" \/><\/figure>\n\n\n\n<figure class=\"wp-block-image size-full\"><img loading=\"lazy\" decoding=\"async\" width=\"835\" height=\"1112\" src=\"https:\/\/redgrey.pl\/wp-content\/uploads\/2025\/10\/image-18.png\" alt=\"\" class=\"wp-image-119\" srcset=\"https:\/\/redgrey.pl\/wp-content\/uploads\/2025\/10\/image-18.png 835w, https:\/\/redgrey.pl\/wp-content\/uploads\/2025\/10\/image-18-225x300.png 225w, https:\/\/redgrey.pl\/wp-content\/uploads\/2025\/10\/image-18-769x1024.png 769w, https:\/\/redgrey.pl\/wp-content\/uploads\/2025\/10\/image-18-768x1023.png 768w\" sizes=\"auto, (max-width: 835px) 100vw, 835px\" \/><\/figure>\n\n\n\n<figure class=\"wp-block-image size-full\"><img loading=\"lazy\" decoding=\"async\" width=\"559\" height=\"804\" src=\"https:\/\/redgrey.pl\/wp-content\/uploads\/2025\/10\/Zdjecie-WhatsApp-2025-10-10-o-14.37.39_4a51638a.jpg\" alt=\"\" class=\"wp-image-129\" srcset=\"https:\/\/redgrey.pl\/wp-content\/uploads\/2025\/10\/Zdjecie-WhatsApp-2025-10-10-o-14.37.39_4a51638a.jpg 559w, https:\/\/redgrey.pl\/wp-content\/uploads\/2025\/10\/Zdjecie-WhatsApp-2025-10-10-o-14.37.39_4a51638a-209x300.jpg 209w\" sizes=\"auto, (max-width: 559px) 100vw, 559px\" \/><\/figure>\n<\/div>\n\n\n\n<div class=\"wp-block-column is-layout-flow wp-block-column-is-layout-flow\">\n<figure class=\"wp-block-image size-full\"><img loading=\"lazy\" decoding=\"async\" width=\"1144\" height=\"996\" src=\"https:\/\/redgrey.pl\/wp-content\/uploads\/2025\/10\/image-16.png\" alt=\"\" class=\"wp-image-117\" srcset=\"https:\/\/redgrey.pl\/wp-content\/uploads\/2025\/10\/image-16.png 1144w, https:\/\/redgrey.pl\/wp-content\/uploads\/2025\/10\/image-16-300x261.png 300w, https:\/\/redgrey.pl\/wp-content\/uploads\/2025\/10\/image-16-1024x892.png 1024w, https:\/\/redgrey.pl\/wp-content\/uploads\/2025\/10\/image-16-768x669.png 768w\" sizes=\"auto, (max-width: 1144px) 100vw, 1144px\" \/><\/figure>\n\n\n\n<figure class=\"wp-block-image size-full\"><img loading=\"lazy\" decoding=\"async\" width=\"873\" height=\"622\" src=\"https:\/\/redgrey.pl\/wp-content\/uploads\/2025\/10\/image-19.png\" alt=\"\" class=\"wp-image-120\" srcset=\"https:\/\/redgrey.pl\/wp-content\/uploads\/2025\/10\/image-19.png 873w, https:\/\/redgrey.pl\/wp-content\/uploads\/2025\/10\/image-19-300x214.png 300w, https:\/\/redgrey.pl\/wp-content\/uploads\/2025\/10\/image-19-768x547.png 768w\" sizes=\"auto, (max-width: 873px) 100vw, 873px\" \/><\/figure>\n\n\n\n<figure class=\"wp-block-image size-full\"><img loading=\"lazy\" decoding=\"async\" width=\"1422\" height=\"1066\" src=\"https:\/\/redgrey.pl\/wp-content\/uploads\/2025\/10\/image-21.png\" alt=\"\" class=\"wp-image-125\" srcset=\"https:\/\/redgrey.pl\/wp-content\/uploads\/2025\/10\/image-21.png 1422w, https:\/\/redgrey.pl\/wp-content\/uploads\/2025\/10\/image-21-300x225.png 300w, https:\/\/redgrey.pl\/wp-content\/uploads\/2025\/10\/image-21-1024x768.png 1024w, https:\/\/redgrey.pl\/wp-content\/uploads\/2025\/10\/image-21-768x576.png 768w\" sizes=\"auto, (max-width: 1422px) 100vw, 1422px\" \/><\/figure>\n\n\n\n<figure class=\"wp-block-image size-full\"><img loading=\"lazy\" decoding=\"async\" width=\"935\" height=\"724\" src=\"https:\/\/redgrey.pl\/wp-content\/uploads\/2025\/10\/Zdjecie-WhatsApp-2025-10-10-o-14.33.02_ba7a45ee.jpg\" alt=\"\" class=\"wp-image-128\" srcset=\"https:\/\/redgrey.pl\/wp-content\/uploads\/2025\/10\/Zdjecie-WhatsApp-2025-10-10-o-14.33.02_ba7a45ee.jpg 935w, https:\/\/redgrey.pl\/wp-content\/uploads\/2025\/10\/Zdjecie-WhatsApp-2025-10-10-o-14.33.02_ba7a45ee-300x232.jpg 300w, https:\/\/redgrey.pl\/wp-content\/uploads\/2025\/10\/Zdjecie-WhatsApp-2025-10-10-o-14.33.02_ba7a45ee-768x595.jpg 768w\" sizes=\"auto, (max-width: 935px) 100vw, 935px\" \/><\/figure>\n<\/div>\n<\/div>\n\n\n\n<figure class=\"wp-block-image size-full\"><img loading=\"lazy\" decoding=\"async\" width=\"2022\" height=\"1034\" src=\"https:\/\/redgrey.pl\/wp-content\/uploads\/2025\/10\/image-17.png\" alt=\"\" class=\"wp-image-118\" srcset=\"https:\/\/redgrey.pl\/wp-content\/uploads\/2025\/10\/image-17.png 2022w, https:\/\/redgrey.pl\/wp-content\/uploads\/2025\/10\/image-17-300x153.png 300w, https:\/\/redgrey.pl\/wp-content\/uploads\/2025\/10\/image-17-1024x524.png 1024w, https:\/\/redgrey.pl\/wp-content\/uploads\/2025\/10\/image-17-768x393.png 768w, https:\/\/redgrey.pl\/wp-content\/uploads\/2025\/10\/image-17-1536x785.png 1536w\" sizes=\"auto, (max-width: 2022px) 100vw, 2022px\" \/><\/figure>\n\n\n\n<figure class=\"wp-block-image size-full\"><img loading=\"lazy\" decoding=\"async\" width=\"1726\" height=\"1078\" src=\"https:\/\/redgrey.pl\/wp-content\/uploads\/2025\/10\/image-20.png\" alt=\"\" class=\"wp-image-121\" srcset=\"https:\/\/redgrey.pl\/wp-content\/uploads\/2025\/10\/image-20.png 1726w, https:\/\/redgrey.pl\/wp-content\/uploads\/2025\/10\/image-20-300x187.png 300w, https:\/\/redgrey.pl\/wp-content\/uploads\/2025\/10\/image-20-1024x640.png 1024w, https:\/\/redgrey.pl\/wp-content\/uploads\/2025\/10\/image-20-768x480.png 768w, https:\/\/redgrey.pl\/wp-content\/uploads\/2025\/10\/image-20-1536x959.png 1536w\" sizes=\"auto, (max-width: 1726px) 100vw, 1726px\" \/><\/figure>\n\n\n\n<p><\/p>\n","protected":false},"excerpt":{"rendered":"<p>Kot\u0142ownie i maszynownie kontenerowe Rozwi\u0105zania dla przemys\u0142u Hydroboxy do pomp ciep\u0142a (projekty, prototypy)<\/p>\n","protected":false},"author":1,"featured_media":0,"parent":0,"menu_order":0,"comment_status":"closed","ping_status":"closed","template":"","meta":{"footnotes":""},"class_list":["post-16","page","type-page","status-publish","hentry"],"_links":{"self":[{"href":"https:\/\/redgrey.pl\/index.php\/wp-json\/wp\/v2\/pages\/16","targetHints":{"allow":["GET"]}}],"collection":[{"href":"https:\/\/redgrey.pl\/index.php\/wp-json\/wp\/v2\/pages"}],"about":[{"href":"https:\/\/redgrey.pl\/index.php\/wp-json\/wp\/v2\/types\/page"}],"author":[{"embeddable":true,"href":"https:\/\/redgrey.pl\/index.php\/wp-json\/wp\/v2\/users\/1"}],"replies":[{"embeddable":true,"href":"https:\/\/redgrey.pl\/index.php\/wp-json\/wp\/v2\/comments?post=16"}],"version-history":[{"count":8,"href":"https:\/\/redgrey.pl\/index.php\/wp-json\/wp\/v2\/pages\/16\/revisions"}],"predecessor-version":[{"id":146,"href":"https:\/\/redgrey.pl\/index.php\/wp-json\/wp\/v2\/pages\/16\/revisions\/146"}],"wp:attachment":[{"href":"https:\/\/redgrey.pl\/index.php\/wp-json\/wp\/v2\/media?parent=16"}],"curies":[{"name":"wp","href":"https:\/\/api.w.org\/{rel}","templated":true}]}}